{"id":431,"date":"2020-11-06T22:57:53","date_gmt":"2020-11-06T21:57:53","guid":{"rendered":"https:\/\/daviddegregorio.com\/?page_id=431"},"modified":"2021-10-22T13:28:45","modified_gmt":"2021-10-22T11:28:45","slug":"clases","status":"publish","type":"page","link":"https:\/\/daviddegregorio.com\/index.php\/clases\/","title":{"rendered":"Estudia conmigo"},"content":{"rendered":"<h2>alma voz y canci\u00f3n<\/h2>\n<h2>Clases para cantantes que quieran acompa\u00f1arse con piano o guitarra<\/h2>\n<h2>Acompa\u00f1amiento integral para tu proyecto musical<\/h2>\n<ul>\n<li>\n\t\t\t\t\t\t\t\t\t\tCrear o elegir tu repertorio.<\/li>\n<li>\n\t\t\t\t\t\t\t\t\t\tCanto y t\u00e9cnica vocal.<\/li>\n<li>\n\t\t\t\t\t\t\t\t\t\tAcompa\u00f1arte con piano o guitarra, formar tu banda o crear tus pistas.<\/li>\n<li>\n\t\t\t\t\t\t\t\t\t\tConocimientos musicales.<\/li>\n<li>\n\t\t\t\t\t\t\t\t\t\tGrabar tu m\u00fasica.<\/li>\n<li>\n\t\t\t\t\t\t\t\t\t\tSubirla a las plataformas digitales.<\/li>\n<\/ul>\n<p>*Se pueden desarrollar todos los puntos en el orden indicado como tambi\u00e9n profundizar en alguno de ellos seg\u00fan tus inquietudes.<\/p>\n<p><img decoding=\"async\" width=\"1024\" height=\"768\" src=\"https:\/\/daviddegregorio.com\/wp-content\/uploads\/2020\/12\/Colorful-Hexagon-Mind-Map.png\" alt=\"\" loading=\"lazy\" srcset=\"https:\/\/daviddegregorio.com\/wp-content\/uploads\/2020\/12\/Colorful-Hexagon-Mind-Map.png 1024w, https:\/\/daviddegregorio.com\/wp-content\/uploads\/2020\/12\/Colorful-Hexagon-Mind-Map-300x225.png 300w, https:\/\/daviddegregorio.com\/wp-content\/uploads\/2020\/12\/Colorful-Hexagon-Mind-Map-768x576.png 768w\" sizes=\"(max-width: 1024px) 100vw, 1024px\"><\/p>\n<h4>CANTAR<\/h4>\n<p>C\u00f3mo aprovechar al m\u00e1ximo la t\u00e9cnica vocal y hacer que tu voz sea la conexi\u00f3n con tu mundo interior.<\/p>\n<h4>CREAR CANCIONES<\/h4>\n<p>Los diferentes puntos de partida para escribir una canci\u00f3n.<\/p>\n<h4>CANTAR CON UN INSTRUMENTO<\/h4>\n<p>Si cantas y quieres acompa\u00f1arte con piano o guitarra, podemos ayudarte.<\/p>\n<p>Crear o elegir tu repertorio: Cu\u00e1les son los diversos pasos por donde empezar a crear una canci\u00f3n o como elegir el repertorio que mejor te quede.<\/p>\n<p>Canto y t\u00e9cnica vocal: Dominar la t\u00e9cnica vocal es imprescindible para que tu voz responda con soltura a cualquier exigencia vocal de tu repertorio..<\/p>\n<p>Acompa\u00f1arte con piano o guitarra, formar tu banda o crear tus pistas: Saber qu\u00e9 instrumentos son los m\u00e1s adecuados para acompa\u00f1ar tu m\u00fasica y en todo caso aprender la ejecuci\u00f3n de tu instrumento preferido.<\/p>\n<p>Conocimientos musicales: Resolver los conceptos musicales que necesita tu proyecto musical sin estancarse en mara\u00f1as te\u00f3ricas.<\/p>\n<p>Grabar tu m\u00fasica: Que necesitas para armar tu propio Home Estudio y dar tus primeros pasos en producir tu propia m\u00fasica o d\u00f3nde puedes grabar si prefieres un estudio de grabaci\u00f3n profesional.<\/p>\n<p>Subir tu m\u00fasica a las plataformas digitales: Cuales son las mejores opciones para que tu m\u00fasica est\u00e9 colgada en las diferentes plataformas digitales<\/p>\n","protected":false},"excerpt":{"rendered":"<p>alma voz y canci\u00f3n Clases para cantantes que quieran acompa\u00f1arse con piano o guitarra Acompa\u00f1amiento integral para tu proyecto musical Crear o elegir tu repertorio. Canto y t\u00e9cnica vocal. Acompa\u00f1arte con piano o guitarra, formar tu banda o crear tus pistas. Conocimientos musicales. Grabar tu m\u00fasica. Subirla a las plataformas digitales. *Se pueden desarrollar todos&hellip;&nbsp;<a href=\"https:\/\/daviddegregorio.com\/index.php\/clases\/\" class=\"\" rel=\"bookmark\">Leer m\u00e1s &raquo;<span class=\"screen-reader-text\">Estudia conmigo<\/span><\/a><\/p>\n","protected":false},"author":1,"featured_media":0,"parent":0,"menu_order":0,"comment_status":"closed","ping_status":"closed","template":"page-templates\/template-pagebuilder-full-width.php","meta":{"neve_meta_sidebar":"full-width","neve_meta_container":"","neve_meta_enable_content_width":"on","neve_meta_content_width":100,"neve_meta_title_alignment":"","neve_meta_author_avatar":"","neve_post_elements_order":"","neve_meta_disable_header":"","neve_meta_disable_footer":"","neve_meta_disable_title":"","_ti_tpc_template_sync":false,"_ti_tpc_template_id":""},"_links":{"self":[{"href":"https:\/\/daviddegregorio.com\/index.php\/wp-json\/wp\/v2\/pages\/431"}],"collection":[{"href":"https:\/\/daviddegregorio.com\/index.php\/wp-json\/wp\/v2\/pages"}],"about":[{"href":"https:\/\/daviddegregorio.com\/index.php\/wp-json\/wp\/v2\/types\/page"}],"author":[{"embeddable":true,"href":"https:\/\/daviddegregorio.com\/index.php\/wp-json\/wp\/v2\/users\/1"}],"replies":[{"embeddable":true,"href":"https:\/\/daviddegregorio.com\/index.php\/wp-json\/wp\/v2\/comments?post=431"}],"version-history":[{"count":143,"href":"https:\/\/daviddegregorio.com\/index.php\/wp-json\/wp\/v2\/pages\/431\/revisions"}],"predecessor-version":[{"id":700,"href":"https:\/\/daviddegregorio.com\/index.php\/wp-json\/wp\/v2\/pages\/431\/revisions\/700"}],"wp:attachment":[{"href":"https:\/\/daviddegregorio.com\/index.php\/wp-json\/wp\/v2\/media?parent=431"}],"curies":[{"name":"wp","href":"https:\/\/api.w.org\/{rel}","templated":true}]}}